{"id":1283,"date":"2020-04-06T16:50:09","date_gmt":"2020-04-06T14:50:09","guid":{"rendered":"http:\/\/www.affinityprestige.ch\/?page_id=1283"},"modified":"2020-04-10T15:57:01","modified_gmt":"2020-04-10T13:57:01","slug":"privacy-policy","status":"publish","type":"page","link":"https:\/\/www.affinityprestige.ch\/en\/privacy-policy\/","title":{"rendered":"Legal Information"},"content":{"rendered":"\n<p>\u200b<strong>Editeur et responsable<\/strong><br>L&#8217;\u00e9dition du site\u00a0<em>www.affinityprestige.ch<\/em>\u00a0est assur\u00e9e par la Soci\u00e9t\u00e9 SARL AFFINITY PRESTIGE au capital de 20 000 CHF, dont le si\u00e8ge social est situ\u00e9,\u00a0\u00a0avenue industrielle 14\u00a0\u200b-\u200b\u00a01227 carouge\u00a0\u00a0&#8211; IDE\u00a0CHE-115.251.735<br>Num\u00e9ro de t\u00e9l\u00e9phone +41 79 821 96 87<br>Adresse e-mail :\u00a0<a href=\"mailto:contact@affinityprestige.ch\">contact@affinityprestige.ch<\/a>.<br>L\u200ba\u200b\u00a0Directrice\u200b\u00a0de la publication est : Florence CARTERON<\/p>\n\n\n\n<p><strong>H\u00e9bergeur<\/strong><\/p>\n\n\n\n<p>L&#8217;h\u00e9bergeur du site&nbsp;<em>www.affinityprestige.ch<\/em>&nbsp;est la soci\u00e9t\u00e9 OVH \u2013 http:\/\/www.ovh.com, dont le&nbsp;Si\u00e8ge social est 2 rue Kellermann \u2013 59100 Roubaix \u2013 France<br>La soci\u00e9t\u00e9 OVH est une SAS au capital de 10&nbsp;059&nbsp;500&nbsp;\u20ac , immatricul\u00e9e au Registre du Commerce et des Soci\u00e9t\u00e9s de Lille M\u00e9tropole sous le num\u00e9ro 424 761 419 00<\/p>\n\n\n\n<p><strong>Acc\u00e8s au site<\/strong><br>Le site\u00a0<em>www.affinityprestige.ch\u00a0<\/em>permet \u00e0 l&#8217;utilisateur un acc\u00e8s gratuit.<br>Le site est accessible gratuitement 24\/24h, 7\/7j, sauf interruption, programm\u00e9e ou non, pour les besoins de maintenance ou en cas de force majeure, en tout lieu \u00e0 tout utilisateur ayant un acc\u00e8s \u00e0 Internet. \u00a0L\u2019acc\u00e8s\u00a0 et l\u2019utilisation de ce site sont soumis aux dispositions l\u00e9gales en vigueur et s\u2019appliquent \u00e0 tout internaute visitant ce site. En acc\u00e9dant \u00e0 ce site, vous acceptez, sans limitation ni r\u00e9serve, ces conditions.<\/p>\n\n\n\n<p><strong>Collecte des donn\u00e9es<\/strong><br>Le site assure \u00e0 l&#8217;utilisateur une collecte et un traitement d&#8217;informations personnelles dans le respect de la vie priv\u00e9e conform\u00e9ment \u00e0 la loi n\u00b078-17 du 6 janvier 1978 relative \u00e0 l&#8217;informatique, aux fichiers et aux libert\u00e9s. En vertu de la loi Informatique et Libert\u00e9s, en date du 6 janvier 1978, l&#8217;utilisateur dispose d&#8217;un droit d&#8217;acc\u00e8s, de rectification, de suppression et d&#8217;opposition de ses donn\u00e9es personnelles. L&#8217;utilisateur exerce ce droit par mail \u00e0 l&#8217;adresse mail\u00a0<a href=\"mailto:contact@affinityprestige.ch\">contact@affinityprestige.ch<\/a><\/p>\n\n\n\n<p><strong>Formulaire de contact<\/strong><br>Le site web vous propose un formulaire de contact, si des demandes de renseignements via ce formulaire (Vos noms, pr\u00e9noms, adresse, t\u00e9l\u00e9phones et adresse email, y compris les informations que vous avez transmises, seront stock\u00e9es pour le traitement de la demande de renseignements et en cas de suivi. Elles ne seront donc pas transmises san votre consentement et seront trait\u00e9es confidentiellement.<\/p>\n\n\n\n<p><strong>Propri\u00e9t\u00e9 intellectuelle<\/strong><br>Les marques, logos, signes ainsi que tous les contenus du site (textes, images, son\u2026) font l&#8217;objet d&#8217;une protection par le Code de la propri\u00e9t\u00e9 intellectuelle et plus particuli\u00e8rement par le droit d&#8217;auteur.<br>La marque AFFINITY PRESTIGE est une marque d\u00e9pos\u00e9e. Toute repr\u00e9sentation et\/ou reproduction et\/ou exploitation partielle ou totale de cette marque, de quelque nature que ce soit, sont totalement prohib\u00e9es.<br>Toute utilisation par reproduction partielle ou totale, publication, modification, copie des diff\u00e9rents contenu ou autre proc\u00e9d\u00e9 existant ou futur, \u00e0 des fins commerciales, promotionnelles et\/ou publicitaires est strictement interdite, de quelques mani\u00e8res que ce soit et sur quel support que ce soit, sans l\u2019autorisation expresse de la directrice de publication Madame Florence CARTERON.\u00a0<br>Toute repr\u00e9sentation totale ou partielle de ce site par quelque proc\u00e9d\u00e9 que ce soit, sans l\u2019autorisation expresse de l\u2019exploitant du site Internet constituerait une contrefa\u00e7on sanctionn\u00e9e par l\u2019article L 335-2 et suivants du Code de la propri\u00e9t\u00e9 intellectuelle.<br>Il est rappel\u00e9 conform\u00e9ment \u00e0 l\u2019article L122-5 du Code de propri\u00e9t\u00e9 intellectuelle que l\u2019Utilisateur qui reproduit, copie ou publie le contenu prot\u00e9g\u00e9 doit citer l\u2019auteur et sa source.<\/p>\n\n\n\n<p><strong>Responsabilit\u00e9<\/strong><br>Les sources des informations diffus\u00e9es sur le site\u00a0<em>www.affinityprestige.ch<\/em>\u00a0sont r\u00e9put\u00e9es fiables mais le site ne garantit pas qu\u2019il soit exempt de d\u00e9fauts, d\u2019erreurs ou d\u2019omissions.<br>Les informations communiqu\u00e9es sont pr\u00e9sent\u00e9es \u00e0 titre indicatif et g\u00e9n\u00e9ral sans valeur contractuelle. Malgr\u00e9 des mises \u00e0 jour r\u00e9guli\u00e8res, le site\u00a0<em>www.affinityprestige.ch\u00a0<\/em>ne peut \u00eatre tenu responsable de la modification des dispositions administratives et juridiques survenant apr\u00e8s la publication. De m\u00eame, le site ne peut \u00eatre tenue responsable de l\u2019utilisation et de l\u2019interpr\u00e9tation de l\u2019information contenue dans ce site.<br>Le site\u00a0<em>www.affinityprestige.ch\u00a0<\/em>ne peut \u00eatre tenu pour responsable d\u2019\u00e9ventuels virus qui pourraient infecter l\u2019ordinateur ou tout mat\u00e9riel informatique de l\u2019Internaute, suite \u00e0 une utilisation, \u00e0 l\u2019acc\u00e8s, ou au t\u00e9l\u00e9chargement provenant de ce site.<br>La responsabilit\u00e9 du site ne peut \u00eatre engag\u00e9e en cas de force majeure ou du fait impr\u00e9visible et insurmontable d&#8217;un tiers.<\/p>\n\n\n\n<p><strong>Liens hypertextes<\/strong><br>Les liens hypertextes peuvent \u00eatre pr\u00e9sents sur le site. L\u2019utilisateur est inform\u00e9 qu\u2019en cliquant sur ces liens, il sortira du site\u00a0<em>www.affinityprestige.ch.<\/em>\u00a0Ce dernier n\u2019a pas de contr\u00f4le sur les pages web sur lesquelles aboutissent ces liens et ne saurait, en aucun cas, \u00eatre responsable de leur contenu.<\/p>\n\n\n\n<p><strong>Cookies<\/strong><br>L\u2019Utilisateur est inform\u00e9 que lors de ses visites sur le site, un cookie peut s\u2019installer automatiquement sur son logiciel de navigation.<br>Les cookies sont de petits fichiers stock\u00e9s temporairement sur le disque dur de l\u2019ordinateur de l\u2019utilisateur par votre navigateur et qui sont n\u00e9cessaires \u00e0 l\u2019utilisation du site\u00a0<em>www.affinityprestige.ch<\/em>. Les cookies ne contiennent pas d\u2019information personnelle et ne peuvent pas \u00eatre utilis\u00e9s pour identifier quelqu\u2019un. Un cookie contient un identifiant unique, g\u00e9n\u00e9r\u00e9 al\u00e9atoirement et donc anonyme. Certains cookies expirent \u00e0 la fin de la visite de l\u2019utilisateur, d\u2019autres restent.<br>L\u2019information contenue dans les cookies est utilis\u00e9e pour am\u00e9liorer le site\u00a0<em>www.affinityprestige.ch<\/em>.<br>En naviguant sur le site, L\u2019utilisateur les accepte.<br>L\u2019utilisateur doit toutefois donner son consentement quant \u00e0 l\u2019utilisation de certains cookies.<br>A d\u00e9faut d\u2019acceptation, l\u2019utilisateur est inform\u00e9 que certaines fonctionnalit\u00e9s ou pages risquent de lui \u00eatre refus\u00e9es.<br>L\u2019utilisateur pourra d\u00e9sactiver ces cookies par l\u2019interm\u00e9diaire des param\u00e8tres figurant au sein de son logiciel de navigation.<\/p>\n","protected":false},"excerpt":{"rendered":"<p>\u200bEditeur et responsableL&#8217;\u00e9dition du site\u00a0www.affinityprestige.ch\u00a0est assur\u00e9e par la Soci\u00e9t\u00e9 SARL AFFINITY PRESTIGE au capital de 20 000 CHF, dont le si\u00e8ge social est situ\u00e9,\u00a0\u00a0avenue industrielle 14\u00a0\u200b-\u200b\u00a01227 carouge\u00a0\u00a0&#8211; IDE\u00a0CHE-115.251.735Num\u00e9ro de t\u00e9l\u00e9phone +41 79 821 96 87Adresse e-mail :\u00a0contact@affinityprestige.ch.L\u200ba\u200b\u00a0Directrice\u200b\u00a0de la publication est : Florence CARTERON H\u00e9bergeur L&#8217;h\u00e9bergeur du site&nbsp;www.affinityprestige.ch&nbsp;est la soci\u00e9t\u00e9 OVH \u2013 http:\/\/www.ovh.com, dont le&nbsp;Si\u00e8ge social [&hellip;]<\/p>\n","protected":false},"author":1,"featured_media":0,"parent":0,"menu_order":0,"comment_status":"closed","ping_status":"closed","template":"","meta":[],"acf":[],"yoast_head":"<!-- This site is optimized with the Yoast SEO plugin v20.10 - https:\/\/yoast.com\/wordpress\/plugins\/seo\/ -->\n<title>Legal Information - Affinity Prestige<\/title>\n<meta name=\"robots\" content=\"index, follow, max-snippet:-1, max-image-preview:large, max-video-preview:-1\" \/>\n<link rel=\"canonical\" href=\"https:\/\/www.affinityprestige.ch\/en\/privacy-policy\/\" \/>\n<meta property=\"og:locale\" content=\"en_US\" \/>\n<meta property=\"og:type\" content=\"article\" \/>\n<meta property=\"og:title\" content=\"Legal Information - Affinity Prestige\" \/>\n<meta property=\"og:description\" content=\"\u200bEditeur et responsableL&#8217;\u00e9dition du site\u00a0www.affinityprestige.ch\u00a0est assur\u00e9e par la Soci\u00e9t\u00e9 SARL AFFINITY PRESTIGE au capital de 20 000 CHF, dont le si\u00e8ge social est situ\u00e9,\u00a0\u00a0avenue industrielle 14\u00a0\u200b-\u200b\u00a01227 carouge\u00a0\u00a0&#8211; IDE\u00a0CHE-115.251.735Num\u00e9ro de t\u00e9l\u00e9phone +41 79 821 96 87Adresse e-mail :\u00a0contact@affinityprestige.ch.L\u200ba\u200b\u00a0Directrice\u200b\u00a0de la publication est : Florence CARTERON H\u00e9bergeur L&#8217;h\u00e9bergeur du site&nbsp;www.affinityprestige.ch&nbsp;est la soci\u00e9t\u00e9 OVH \u2013 http:\/\/www.ovh.com, dont le&nbsp;Si\u00e8ge social [&hellip;]\" \/>\n<meta property=\"og:url\" content=\"https:\/\/www.affinityprestige.ch\/en\/privacy-policy\/\" \/>\n<meta property=\"og:site_name\" content=\"Affinity Prestige\" \/>\n<meta property=\"article:modified_time\" content=\"2020-04-10T13:57:01+00:00\" \/>\n<meta name=\"twitter:card\" content=\"summary_large_image\" \/>\n<meta name=\"twitter:label1\" content=\"Est. reading time\" \/>\n\t<meta name=\"twitter:data1\" content=\"5 minutes\" \/>\n<script type=\"application\/ld+json\" class=\"yoast-schema-graph\">{\"@context\":\"https:\/\/schema.org\",\"@graph\":[{\"@type\":\"WebPage\",\"@id\":\"https:\/\/www.affinityprestige.ch\/en\/privacy-policy\/\",\"url\":\"https:\/\/www.affinityprestige.ch\/en\/privacy-policy\/\",\"name\":\"Legal Information - Affinity Prestige\",\"isPartOf\":{\"@id\":\"https:\/\/www.affinityprestige.ch\/en\/#website\"},\"datePublished\":\"2020-04-06T14:50:09+00:00\",\"dateModified\":\"2020-04-10T13:57:01+00:00\",\"breadcrumb\":{\"@id\":\"https:\/\/www.affinityprestige.ch\/en\/privacy-policy\/#breadcrumb\"},\"inLanguage\":\"en-US\",\"potentialAction\":[{\"@type\":\"ReadAction\",\"target\":[\"https:\/\/www.affinityprestige.ch\/en\/privacy-policy\/\"]}]},{\"@type\":\"BreadcrumbList\",\"@id\":\"https:\/\/www.affinityprestige.ch\/en\/privacy-policy\/#breadcrumb\",\"itemListElement\":[{\"@type\":\"ListItem\",\"position\":1,\"name\":\"Home\",\"item\":\"https:\/\/www.affinityprestige.ch\/en\/\"},{\"@type\":\"ListItem\",\"position\":2,\"name\":\"Legal Information\"}]},{\"@type\":\"WebSite\",\"@id\":\"https:\/\/www.affinityprestige.ch\/en\/#website\",\"url\":\"https:\/\/www.affinityprestige.ch\/en\/\",\"name\":\"Affinity Prestige\",\"description\":\"\",\"publisher\":{\"@id\":\"https:\/\/www.affinityprestige.ch\/en\/#organization\"},\"potentialAction\":[{\"@type\":\"SearchAction\",\"target\":{\"@type\":\"EntryPoint\",\"urlTemplate\":\"https:\/\/www.affinityprestige.ch\/en\/?s={search_term_string}\"},\"query-input\":\"required name=search_term_string\"}],\"inLanguage\":\"en-US\"},{\"@type\":\"Organization\",\"@id\":\"https:\/\/www.affinityprestige.ch\/en\/#organization\",\"name\":\"Affinity Prestige\",\"url\":\"https:\/\/www.affinityprestige.ch\/en\/\",\"logo\":{\"@type\":\"ImageObject\",\"inLanguage\":\"en-US\",\"@id\":\"https:\/\/www.affinityprestige.ch\/en\/#\/schema\/logo\/image\/\",\"url\":\"https:\/\/www.affinityprestige.ch\/wp-content\/uploads\/2020\/04\/Logo-Signature.png\",\"contentUrl\":\"https:\/\/www.affinityprestige.ch\/wp-content\/uploads\/2020\/04\/Logo-Signature.png\",\"width\":2432,\"height\":1720,\"caption\":\"Affinity Prestige\"},\"image\":{\"@id\":\"https:\/\/www.affinityprestige.ch\/en\/#\/schema\/logo\/image\/\"}}]}<\/script>\n<!-- \/ Yoast SEO plugin. -->","yoast_head_json":{"title":"Legal Information - Affinity Prestige","robots":{"index":"index","follow":"follow","max-snippet":"max-snippet:-1","max-image-preview":"max-image-preview:large","max-video-preview":"max-video-preview:-1"},"canonical":"https:\/\/www.affinityprestige.ch\/en\/privacy-policy\/","og_locale":"en_US","og_type":"article","og_title":"Legal Information - Affinity Prestige","og_description":"\u200bEditeur et responsableL&#8217;\u00e9dition du site\u00a0www.affinityprestige.ch\u00a0est assur\u00e9e par la Soci\u00e9t\u00e9 SARL AFFINITY PRESTIGE au capital de 20 000 CHF, dont le si\u00e8ge social est situ\u00e9,\u00a0\u00a0avenue industrielle 14\u00a0\u200b-\u200b\u00a01227 carouge\u00a0\u00a0&#8211; IDE\u00a0CHE-115.251.735Num\u00e9ro de t\u00e9l\u00e9phone +41 79 821 96 87Adresse e-mail :\u00a0contact@affinityprestige.ch.L\u200ba\u200b\u00a0Directrice\u200b\u00a0de la publication est : Florence CARTERON H\u00e9bergeur L&#8217;h\u00e9bergeur du site&nbsp;www.affinityprestige.ch&nbsp;est la soci\u00e9t\u00e9 OVH \u2013 http:\/\/www.ovh.com, dont le&nbsp;Si\u00e8ge social [&hellip;]","og_url":"https:\/\/www.affinityprestige.ch\/en\/privacy-policy\/","og_site_name":"Affinity Prestige","article_modified_time":"2020-04-10T13:57:01+00:00","twitter_card":"summary_large_image","twitter_misc":{"Est. reading time":"5 minutes"},"schema":{"@context":"https:\/\/schema.org","@graph":[{"@type":"WebPage","@id":"https:\/\/www.affinityprestige.ch\/en\/privacy-policy\/","url":"https:\/\/www.affinityprestige.ch\/en\/privacy-policy\/","name":"Legal Information - Affinity Prestige","isPartOf":{"@id":"https:\/\/www.affinityprestige.ch\/en\/#website"},"datePublished":"2020-04-06T14:50:09+00:00","dateModified":"2020-04-10T13:57:01+00:00","breadcrumb":{"@id":"https:\/\/www.affinityprestige.ch\/en\/privacy-policy\/#breadcrumb"},"inLanguage":"en-US","potentialAction":[{"@type":"ReadAction","target":["https:\/\/www.affinityprestige.ch\/en\/privacy-policy\/"]}]},{"@type":"BreadcrumbList","@id":"https:\/\/www.affinityprestige.ch\/en\/privacy-policy\/#breadcrumb","itemListElement":[{"@type":"ListItem","position":1,"name":"Home","item":"https:\/\/www.affinityprestige.ch\/en\/"},{"@type":"ListItem","position":2,"name":"Legal Information"}]},{"@type":"WebSite","@id":"https:\/\/www.affinityprestige.ch\/en\/#website","url":"https:\/\/www.affinityprestige.ch\/en\/","name":"Affinity Prestige","description":"","publisher":{"@id":"https:\/\/www.affinityprestige.ch\/en\/#organization"},"potentialAction":[{"@type":"SearchAction","target":{"@type":"EntryPoint","urlTemplate":"https:\/\/www.affinityprestige.ch\/en\/?s={search_term_string}"},"query-input":"required name=search_term_string"}],"inLanguage":"en-US"},{"@type":"Organization","@id":"https:\/\/www.affinityprestige.ch\/en\/#organization","name":"Affinity Prestige","url":"https:\/\/www.affinityprestige.ch\/en\/","logo":{"@type":"ImageObject","inLanguage":"en-US","@id":"https:\/\/www.affinityprestige.ch\/en\/#\/schema\/logo\/image\/","url":"https:\/\/www.affinityprestige.ch\/wp-content\/uploads\/2020\/04\/Logo-Signature.png","contentUrl":"https:\/\/www.affinityprestige.ch\/wp-content\/uploads\/2020\/04\/Logo-Signature.png","width":2432,"height":1720,"caption":"Affinity Prestige"},"image":{"@id":"https:\/\/www.affinityprestige.ch\/en\/#\/schema\/logo\/image\/"}}]}},"_links":{"self":[{"href":"https:\/\/www.affinityprestige.ch\/en\/wp-json\/wp\/v2\/pages\/1283"}],"collection":[{"href":"https:\/\/www.affinityprestige.ch\/en\/wp-json\/wp\/v2\/pages"}],"about":[{"href":"https:\/\/www.affinityprestige.ch\/en\/wp-json\/wp\/v2\/types\/page"}],"author":[{"embeddable":true,"href":"https:\/\/www.affinityprestige.ch\/en\/wp-json\/wp\/v2\/users\/1"}],"replies":[{"embeddable":true,"href":"https:\/\/www.affinityprestige.ch\/en\/wp-json\/wp\/v2\/comments?post=1283"}],"version-history":[{"count":0,"href":"https:\/\/www.affinityprestige.ch\/en\/wp-json\/wp\/v2\/pages\/1283\/revisions"}],"wp:attachment":[{"href":"https:\/\/www.affinityprestige.ch\/en\/wp-json\/wp\/v2\/media?parent=1283"}],"curies":[{"name":"wp","href":"https:\/\/api.w.org\/{rel}","templated":true}]}}